{"id":81,"date":"2019-05-31T11:29:36","date_gmt":"2019-05-31T09:29:36","guid":{"rendered":"https:\/\/labellenails.at\/b2b\/?page_id=81"},"modified":"2021-05-30T18:25:22","modified_gmt":"2021-05-30T16:25:22","slug":"la-belle-b2b","status":"publish","type":"page","link":"https:\/\/labellenails.at\/b2b\/","title":{"rendered":"Dein Shop f\u00fcr Acryl | Gel | Wimpernlifting &#038; Wimpernverl\u00e4ngerung"},"content":{"rendered":"\n\n  <div class=\"banner has-hover\" id=\"banner-1650461778\">\n          <div class=\"banner-inner fill\">\n        <div class=\"banner-bg fill\" >\n            <div class=\"bg fill bg-fill \"><\/div>\n                                    \n                    <\/div>\n\t\t\n        <div class=\"banner-layers container\">\n            <div class=\"fill banner-link\"><\/div>            \n\n   <div id=\"text-box-380064355\" class=\"text-box banner-layer x100 md-x100 lg-x100 y95 md-y95 lg-y95 res-text\">\n                                <div class=\"text-box-content text dark\">\n              \n              <div class=\"text-inner text-center\">\n                  \n\n<h1 class=\"uppercase\">WIMPERNLIFTING<\/h1>\n<a href=\"https:\/\/labellenails.at\/b2b\/shop\/sale\/wimpernlifting-starter-set-farbe\/\" target=\"_self\" class=\"button primary\"  style=\"border-radius:10px;\">\n    <span>JETZT SET KAUFEN UND STARTEN<\/span>\n  <\/a>\n\n\n\n              <\/div>\n           <\/div>\n                            \n<style>\n#text-box-380064355 {\n  width: 70%;\n}\n#text-box-380064355 .text-box-content {\n  font-size: 65%;\n}\n@media (min-width:550px) {\n  #text-box-380064355 {\n    width: 70%;\n  }\n  #text-box-380064355 .text-box-content {\n    font-size: 90%;\n  }\n}\n@media (min-width:850px) {\n  #text-box-380064355 {\n    width: 60%;\n  }\n  #text-box-380064355 .text-box-content {\n    font-size: 100%;\n  }\n}\n<\/style>\n    <\/div>\n \n\n        <\/div>\n      <\/div>\n\n              <div class=\"height-fix is-invisible\"><img loading=\"lazy\" decoding=\"async\" width=\"1440\" height=\"810\" src=\"https:\/\/labellenails.at\/b2b\/wp-content\/uploads\/sites\/2\/2021\/04\/Wimpernlifting-Banner.jpg\" class=\"attachment-original size-original\" alt=\"Wimpernlifting Starterset\" srcset=\"https:\/\/labellenails.at\/b2b\/wp-content\/uploads\/sites\/2\/2021\/04\/Wimpernlifting-Banner.jpg 1440w, https:\/\/labellenails.at\/b2b\/wp-content\/uploads\/sites\/2\/2021\/04\/Wimpernlifting-Banner-300x169.jpg 300w, https:\/\/labellenails.at\/b2b\/wp-content\/uploads\/sites\/2\/2021\/04\/Wimpernlifting-Banner-1024x576.jpg 1024w, https:\/\/labellenails.at\/b2b\/wp-content\/uploads\/sites\/2\/2021\/04\/Wimpernlifting-Banner-768x432.jpg 768w, https:\/\/labellenails.at\/b2b\/wp-content\/uploads\/sites\/2\/2021\/04\/Wimpernlifting-Banner-510x287.jpg 510w, https:\/\/labellenails.at\/b2b\/wp-content\/uploads\/sites\/2\/2021\/04\/Wimpernlifting-Banner-40x23.jpg 40w\" sizes=\"(max-width: 1440px) 100vw, 1440px\" \/><\/div>\n            \n<style>\n#banner-1650461778 {\n  padding-top: 57%;\n  background-color: rgb(94, 94, 94);\n}\n#banner-1650461778 .bg.bg-loaded {\n  background-image: url(https:\/\/labellenails.at\/b2b\/wp-content\/uploads\/sites\/2\/2021\/04\/Wimpernlifting-Banner.jpg);\n}\n#banner-1650461778 .bg {\n  background-position: 68% 0%;\n}\n#banner-1650461778 .ux-shape-divider--top svg {\n  height: 150px;\n  --divider-top-width: 100%;\n}\n#banner-1650461778 .ux-shape-divider--bottom svg {\n  height: 150px;\n  --divider-width: 100%;\n}\n@media (min-width:550px) {\n  #banner-1650461778 {\n    padding-top: 57%;\n  }\n}\n<\/style>\n  <\/div>\n\n\n\t<div id=\"gap-242213491\" class=\"gap-element clearfix\" style=\"display:block; height:auto;\">\n\t\t\n<style>\n#gap-242213491 {\n  padding-top: 10px;\n}\n<\/style>\n\t<\/div>\n\t\n\n<h3 style=\"text-align: center;\">KATEGORIEN<\/h3>\n\t<div id=\"gap-987751512\" class=\"gap-element clearfix\" style=\"display:block; height:auto;\">\n\t\t\n<style>\n#gap-987751512 {\n  padding-top: 10px;\n}\n<\/style>\n\t<\/div>\n\t\n\n\n  \n    <div class=\"row large-columns-7 medium-columns-5 small-columns-3 row-small row-full-width slider row-slider slider-nav-reveal slider-nav-push\"  data-flickity-options='{\"imagesLoaded\": true, \"groupCells\": \"100%\", \"dragThreshold\" : 5, \"cellAlign\": \"left\",\"wrapAround\": true,\"prevNextButtons\": true,\"percentPosition\": true,\"pageDots\": false, \"rightToLeft\": false, \"autoPlay\" : false}'>\n\n  <\/div>\n\n<div class=\"row row-full-width align-center row-box-shadow-2\"  id=\"row-147425019\">\n\n\n\t<div id=\"col-1983752610\" class=\"col small-12 large-12\"  >\n\t\t\t\t<div class=\"col-inner\"  >\n\t\t\t\n\t\t\t\n\n<div class=\"container section-title-container\" ><h2 class=\"section-title section-title-center\"><b><\/b><span class=\"section-title-main\" >Nageldesign Shop<\/span><b><\/b><\/h2><\/div>\n\n<p><span style=\"font-size: 120%;\">Dein <strong>Nageldesign Shop<\/strong> f\u00fcr <strong>\u00d6sterreich &amp; Deutschland<\/strong>. Hier findest Du eine breite Palette an top Produkten f\u00fcr Dein Nagelstudio, von Acrylpulver, \u00fcber Gel bis Gellack. Wirf einen Blick in unseren Blog. Neben Anleitungen f\u00fcr diverse Designs findest Du dort branchenweit einzigartige Tipps &amp; Tricks f\u00fcr Dein Studio.<\/span><\/p>\n\n\t\t<\/div>\n\t\t\t\t\n<style>\n#col-1983752610 > .col-inner {\n  padding: 5% 5% 5% 5%;\n}\n<\/style>\n\t<\/div>\n\n\t\n\n\n<style>\n#row-147425019 > .col > .col-inner {\n  background-color: rgb(45, 45, 45);\n}\n<\/style>\n<\/div>\n<div class=\"row row-small row-full-width align-equal align-center\"  id=\"row-2075605374\">\n\n\n\t<div id=\"col-1985201755\" class=\"col medium-12 small-12 large-6\"  >\n\t\t\t\t<div class=\"col-inner\"  >\n\t\t\t\n\t\t\t\n\n\n  <div class=\"banner has-hover\" id=\"banner-488688186\">\n          <div class=\"banner-inner fill\">\n        <div class=\"banner-bg fill\" >\n            <div class=\"bg fill bg-fill \"><\/div>\n                        <div class=\"overlay\"><\/div>            \n                    <\/div>\n\t\t\n        <div class=\"banner-layers container\">\n            <div class=\"fill banner-link\"><\/div>            \n\n   <div id=\"text-box-1847015031\" class=\"text-box banner-layer x5 md-x5 lg-x5 y5 md-y5 lg-y10 res-text\">\n                                <div class=\"text-box-content text dark\">\n              \n\t<div class=\"is-border\"\n\t\tstyle=\"border-width:0px 0px 0px 0px;\">\n\t<\/div>\n              <div class=\"text-inner text-left\">\n                  \n\n<h3 class=\"uppercase\" style=\"text-align: left;\"><strong>Farbset Wimpernlifting<\/strong><\/h3>\n<p style=\"text-align: left;\"><span style=\"font-size: 120%;\"><strong>Nur 4 Minuten Einwirkzeit !<\/strong><\/span><\/p>\n<p style=\"text-align: left;\">Set aus 20 einzelnen Farbkapseln und Peroxid f\u00fcr konstante Ergebnisse. Weniger als 0,90 \u20ac Wareneinsatz pro Anwendung.<\/p>\n<a href=\"\/b2b\/shop\/sale\/farbset-wimpernlifting\/\" target=\"_self\" class=\"button primary is-underline is-large\"  >\n    <span>mehr dazu<\/span>\n  <i class=\"icon-angle-right\" aria-hidden=\"true\" ><\/i><\/a>\n\n\n\n              <\/div>\n           <\/div>\n                            \n<style>\n#text-box-1847015031 {\n  margin: 0px 0px 0px 0;\n  width: 70%;\n}\n#text-box-1847015031 .text-inner {\n  padding: 0px 0px 0px 0px;\n}\n#text-box-1847015031 .text-box-content {\n  font-size: 110%;\n}\n@media (min-width:550px) {\n  #text-box-1847015031 {\n    width: 60%;\n  }\n  #text-box-1847015031 .text-box-content {\n    font-size: 120%;\n  }\n}\n@media (min-width:850px) {\n  #text-box-1847015031 {\n    margin: 0px 0px 0 15px;\n    width: 46%;\n  }\n  #text-box-1847015031 .text-box-content {\n    font-size: 150%;\n  }\n}\n<\/style>\n    <\/div>\n \n\n        <\/div>\n      <\/div>\n\n            \n<style>\n#banner-488688186 {\n  padding-top: 85%;\n  background-color: rgb(45, 45, 45);\n}\n#banner-488688186 .bg.bg-loaded {\n  background-image: url(https:\/\/labellenails.at\/b2b\/wp-content\/uploads\/sites\/2\/2020\/06\/JackyM-Wimpernlifting-Farbset.png);\n}\n#banner-488688186 .overlay {\n  background-color: rgba(0, 0, 0, 0.2);\n}\n#banner-488688186 .bg {\n  background-position: 83% 63%;\n}\n#banner-488688186 .ux-shape-divider--top svg {\n  height: 150px;\n  --divider-top-width: 100%;\n}\n#banner-488688186 .ux-shape-divider--bottom svg {\n  height: 150px;\n  --divider-width: 100%;\n}\n@media (min-width:550px) {\n  #banner-488688186 {\n    padding-top: 56.25%;\n  }\n  #banner-488688186 .overlay {\n    background-color: rgba(0, 0, 0, 0.1);\n  }\n}\n<\/style>\n  <\/div>\n\n\n\n\t\t<\/div>\n\t\t\t\t\t<\/div>\n\n\t\n\n\t<div id=\"col-1410821494\" class=\"col medium-12 small-12 large-6\"  >\n\t\t\t\t<div class=\"col-inner\"  >\n\t\t\t\n\t\t\t\n\n\n  <div class=\"banner has-hover\" id=\"banner-1678786012\">\n          <div class=\"banner-inner fill\">\n        <div class=\"banner-bg fill\" >\n            <div class=\"bg fill bg-fill \"><\/div>\n                        <div class=\"overlay\"><\/div>            \n                    <\/div>\n\t\t\n        <div class=\"banner-layers container\">\n            <div class=\"fill banner-link\"><\/div>            \n\n   <div id=\"text-box-1675869698\" class=\"text-box banner-layer x5 md-x5 lg-x5 y5 md-y5 lg-y10 res-text\">\n                                <div class=\"text-box-content text dark\">\n              \n\t<div class=\"is-border\"\n\t\tstyle=\"border-width:0px 0px 0px 0px;\">\n\t<\/div>\n              <div class=\"text-inner text-left\">\n                  \n\n<h3 class=\"uppercase\" style=\"text-align: left;\"><strong>ACRYL<\/strong><\/h3>\n<p style=\"text-align: left;\"><span style=\"font-size: 120%;\"><strong>Zwei Zutaten. <\/strong><strong>Tausend Designs.<\/strong><\/span><\/p>\n<p style=\"text-align: left;\">Pulver &amp; Monomer f\u00fcr Nageldesigner, die t\u00e4glich herausragende Ergebnisse abliefern.<\/p>\n<a href=\"\/b2b\/acryl\/\" target=\"_self\" class=\"button primary is-underline is-large\"  >\n    <span>Weitere Infos<\/span>\n  <i class=\"icon-angle-right\" aria-hidden=\"true\" ><\/i><\/a>\n\n\n<a href=\"\/b2b\/produkt-kategorie\/acryl-system\/\" target=\"_self\" class=\"button primary is-underline is-large\"  >\n    <span>Kaufen<\/span>\n  <i class=\"icon-angle-right\" aria-hidden=\"true\" ><\/i><\/a>\n\n\n\n              <\/div>\n           <\/div>\n                            \n<style>\n#text-box-1675869698 {\n  margin: 0px 0px 0px 0;\n  width: 75%;\n}\n#text-box-1675869698 .text-inner {\n  padding: 0px 0px 0px 0px;\n}\n#text-box-1675869698 .text-box-content {\n  font-size: 110%;\n}\n@media (min-width:550px) {\n  #text-box-1675869698 {\n    width: 60%;\n  }\n  #text-box-1675869698 .text-box-content {\n    font-size: 120%;\n  }\n}\n@media (min-width:850px) {\n  #text-box-1675869698 {\n    margin: 0px 0px 0 15px;\n    width: 46%;\n  }\n  #text-box-1675869698 .text-box-content {\n    font-size: 150%;\n  }\n}\n<\/style>\n    <\/div>\n \n\n        <\/div>\n      <\/div>\n\n            \n<style>\n#banner-1678786012 {\n  padding-top: 85%;\n  background-color: rgb(45, 45, 45);\n}\n#banner-1678786012 .bg.bg-loaded {\n  background-image: url(https:\/\/labellenails.at\/b2b\/wp-content\/uploads\/sites\/2\/2019\/11\/Acryl-1920x1080-1.jpg);\n}\n#banner-1678786012 .overlay {\n  background-color: rgba(0, 0, 0, 0.2);\n}\n#banner-1678786012 .bg {\n  background-position: 83% 63%;\n}\n#banner-1678786012 .ux-shape-divider--top svg {\n  height: 150px;\n  --divider-top-width: 100%;\n}\n#banner-1678786012 .ux-shape-divider--bottom svg {\n  height: 150px;\n  --divider-width: 100%;\n}\n@media (min-width:550px) {\n  #banner-1678786012 {\n    padding-top: 56.25%;\n  }\n  #banner-1678786012 .overlay {\n    background-color: rgba(0, 0, 0, 0.1);\n  }\n}\n<\/style>\n  <\/div>\n\n\n\n\t\t<\/div>\n\t\t\t\t\t<\/div>\n\n\t\n\n\t<div id=\"col-105337599\" class=\"col medium-6 small-12 large-6\"  >\n\t\t\t\t<div class=\"col-inner\"  >\n\t\t\t\n\t\t\t\n\n\n  <div class=\"banner has-hover\" id=\"banner-119203305\">\n          <div class=\"banner-inner fill\">\n        <div class=\"banner-bg fill\" >\n            <div class=\"bg fill bg-fill \"><\/div>\n                                    \n                    <\/div>\n\t\t\n        <div class=\"banner-layers container\">\n            <a class=\"fill\" href=\"\/b2b\/produkt-kategorie\/gelosophy-uv-lack\/\"  ><div class=\"fill banner-link\"><\/div><\/a>            \n\n   <div id=\"text-box-553304003\" class=\"text-box banner-layer x0 md-x0 lg-x0 y5 md-y5 lg-y5 res-text\">\n                                <div class=\"text-box-content text dark\">\n              \n\t<div class=\"is-border\"\n\t\tstyle=\"border-width:0px 0px 0px 0px;\">\n\t<\/div>\n              <div class=\"text-inner text-left\">\n                  \n\n<h2 class=\"uppercase\" style=\"text-align: left; line-height:65%\">Gelosophy<\/h2>\n<p>UV | Gellack in 120 Farben<\/p>\n<a href=\"\/b2b\/produkt-kategorie\/gelosophy-uv-lack\/\" target=\"_self\" class=\"button primary is-outline\"  >\n    <span>MEHR<\/span>\n  <\/a>\n\n\n\n              <\/div>\n           <\/div>\n                            \n<style>\n#text-box-553304003 {\n  margin: 0px 0px 10px 15px;\n  width: 90%;\n}\n#text-box-553304003 .text-inner {\n  padding: 0px 0px 0px 0px;\n}\n#text-box-553304003 .text-box-content {\n  font-size: 80%;\n}\n@media (min-width:550px) {\n  #text-box-553304003 {\n    width: 90%;\n  }\n  #text-box-553304003 .text-box-content {\n    font-size: 100%;\n  }\n}\n@media (min-width:850px) {\n  #text-box-553304003 {\n    width: 60%;\n  }\n}\n<\/style>\n    <\/div>\n \n\n        <\/div>\n      <\/div>\n\n            \n<style>\n#banner-119203305 {\n  padding-top: 58%;\n  background-color: rgba(46, 46, 46, 0.6);\n}\n#banner-119203305 .bg.bg-loaded {\n  background-image: url(https:\/\/labellenails.at\/b2b\/wp-content\/uploads\/sites\/2\/2019\/09\/Gelosophy-Banner-1.png);\n}\n#banner-119203305 .bg {\n  background-position: 84% 36%;\n}\n#banner-119203305 .ux-shape-divider--top svg {\n  height: 150px;\n  --divider-top-width: 100%;\n}\n#banner-119203305 .ux-shape-divider--bottom svg {\n  height: 150px;\n  --divider-width: 100%;\n}\n@media (min-width:550px) {\n  #banner-119203305 {\n    padding-top: 56.25%;\n  }\n}\n<\/style>\n  <\/div>\n\n\n\n\t\t<\/div>\n\t\t\t\t\t<\/div>\n\n\t\n\n\t<div id=\"col-2089177067\" class=\"col medium-6 small-12 large-6\"  >\n\t\t\t\t<div class=\"col-inner\"  >\n\t\t\t\n\t\t\t\n\n\n  <div class=\"banner has-hover\" id=\"banner-299358238\">\n          <div class=\"banner-inner fill\">\n        <div class=\"banner-bg fill\" >\n            <div class=\"bg fill bg-fill \"><\/div>\n                                    \n                    <\/div>\n\t\t\n        <div class=\"banner-layers container\">\n            <a class=\"fill\" href=\"\/b2b\/shop\/gel\/3er-paket-aufbaugel\/\"  ><div class=\"fill banner-link\"><\/div><\/a>            \n\n   <div id=\"text-box-42789429\" class=\"text-box banner-layer x0 md-x0 lg-x0 y5 md-y5 lg-y5 res-text\">\n                                <div class=\"text-box-content text dark\">\n              \n\t<div class=\"is-border\"\n\t\tstyle=\"border-width:0px 0px 0px 0px;\">\n\t<\/div>\n              <div class=\"text-inner text-left\">\n                  \n\n<h2 class=\"uppercase\" style=\"text-align: left; line-height: 30%;\">Aufbaugel set<\/h2>\n<p><span style=\"font-size: 120%;\">3er Set Aubaugele + Acid Free Primer gratis<\/span><\/p>\n<a href=\"\/b2b\/shop\/gel\/3er-paket-aufbaugel\/\" target=\"_self\" class=\"button primary is-outline\"  >\n    <span>MEHR<\/span>\n  <\/a>\n\n\n\n              <\/div>\n           <\/div>\n                            \n<style>\n#text-box-42789429 {\n  margin: 0px 0px 10px 15px;\n  width: 90%;\n}\n#text-box-42789429 .text-inner {\n  padding: 0px 0px 0px 0px;\n}\n#text-box-42789429 .text-box-content {\n  font-size: 80%;\n}\n@media (min-width:550px) {\n  #text-box-42789429 {\n    width: 71%;\n  }\n  #text-box-42789429 .text-box-content {\n    font-size: 100%;\n  }\n}\n@media (min-width:850px) {\n  #text-box-42789429 {\n    width: 60%;\n  }\n}\n<\/style>\n    <\/div>\n \n\n        <\/div>\n      <\/div>\n\n            \n<style>\n#banner-299358238 {\n  padding-top: 58%;\n  background-color: rgba(46, 46, 46, 0.3);\n}\n#banner-299358238 .bg.bg-loaded {\n  background-image: url(https:\/\/labellenails.at\/b2b\/wp-content\/uploads\/sites\/2\/2019\/10\/3er-Gel-Acid-Free-Primer-f\u00fcr-LP.png);\n}\n#banner-299358238 .bg {\n  background-position: 39% 0%;\n}\n#banner-299358238 .ux-shape-divider--top svg {\n  height: 150px;\n  --divider-top-width: 100%;\n}\n#banner-299358238 .ux-shape-divider--bottom svg {\n  height: 150px;\n  --divider-width: 100%;\n}\n@media (min-width:550px) {\n  #banner-299358238 {\n    padding-top: 56.25%;\n  }\n}\n<\/style>\n  <\/div>\n\n\n\n\t\t<\/div>\n\t\t\t\t\t<\/div>\n\n\t\n\n\t<div id=\"col-449772826\" class=\"col medium-12 small-12 large-10\"  >\n\t\t\t\t<div class=\"col-inner\"  >\n\t\t\t\n\t\t\t\n\n<div class=\"slider-wrapper relative\" id=\"slider-314398553\" >\n    <div class=\"slider slider-nav-circle slider-nav-large slider-nav-light slider-style-focus\"\n        data-flickity-options='{\n            \"cellAlign\": \"center\",\n            \"imagesLoaded\": true,\n            \"lazyLoad\": 1,\n            \"freeScroll\": false,\n            \"wrapAround\": true,\n            \"autoPlay\": 6000,\n            \"pauseAutoPlayOnHover\" : true,\n            \"prevNextButtons\": true,\n            \"contain\" : true,\n            \"adaptiveHeight\" : true,\n            \"dragThreshold\" : 10,\n            \"percentPosition\": true,\n            \"pageDots\": true,\n            \"rightToLeft\": false,\n            \"draggable\": true,\n            \"selectedAttraction\": 0.1,\n            \"parallax\" : 0,\n            \"friction\": 0.6        }'\n        >\n        \n\n\n  <div class=\"banner has-hover\" id=\"banner-1391477048\">\n          <div class=\"banner-inner fill\">\n        <div class=\"banner-bg fill\" >\n            <div class=\"bg fill bg-fill \"><\/div>\n                                    \n                    <\/div>\n\t\t\n        <div class=\"banner-layers container\">\n            <a class=\"fill\" href=\"https:\/\/labellenails.at\/b2b\/shop\/nageldesign\/gelosophy-uv-lack\/066-dusty-rose\/\"  ><div class=\"fill banner-link\"><\/div><\/a>            \n\n\n        <\/div>\n      <\/div>\n\n            \n<style>\n#banner-1391477048 {\n  padding-top: 42%;\n}\n#banner-1391477048 .bg.bg-loaded {\n  background-image: url(https:\/\/labellenails.at\/b2b\/wp-content\/uploads\/sites\/2\/2020\/11\/Gelosophy-066-Dusty-Rose-with-bottle-1200x628-1.jpg);\n}\n#banner-1391477048 .ux-shape-divider--top svg {\n  height: 150px;\n  --divider-top-width: 100%;\n}\n#banner-1391477048 .ux-shape-divider--bottom svg {\n  height: 150px;\n  --divider-width: 100%;\n}\n<\/style>\n  <\/div>\n\n\n\n  <div class=\"banner has-hover\" id=\"banner-1133584655\">\n          <div class=\"banner-inner fill\">\n        <div class=\"banner-bg fill\" >\n            <div class=\"bg fill bg-fill \"><\/div>\n                                    \n                    <\/div>\n\t\t\n        <div class=\"banner-layers container\">\n            <a class=\"fill\" href=\"https:\/\/labellenails.at\/b2b\/shop\/nageldesign\/gelosophy-uv-lack\/036-army-green\/\"  ><div class=\"fill banner-link\"><\/div><\/a>            \n\n\n        <\/div>\n      <\/div>\n\n            \n<style>\n#banner-1133584655 {\n  padding-top: 42%;\n}\n#banner-1133584655 .bg.bg-loaded {\n  background-image: url(https:\/\/labellenails.at\/b2b\/wp-content\/uploads\/sites\/2\/2020\/11\/Gelosophy-036-Army-Green-with-Bottle.jpg);\n}\n#banner-1133584655 .ux-shape-divider--top svg {\n  height: 150px;\n  --divider-top-width: 100%;\n}\n#banner-1133584655 .ux-shape-divider--bottom svg {\n  height: 150px;\n  --divider-width: 100%;\n}\n<\/style>\n  <\/div>\n\n\n\n  <div class=\"banner has-hover\" id=\"banner-2091769668\">\n          <div class=\"banner-inner fill\">\n        <div class=\"banner-bg fill\" >\n            <div class=\"bg fill bg-fill \"><\/div>\n                                    \n                    <\/div>\n\t\t\n        <div class=\"banner-layers container\">\n            <a class=\"fill\" href=\"https:\/\/labellenails.at\/b2b\/shop\/nageldesign\/gelosophy-uv-lack\/111-deep-blue-sea\/\"  ><div class=\"fill banner-link\"><\/div><\/a>            \n\n\n        <\/div>\n      <\/div>\n\n            \n<style>\n#banner-2091769668 {\n  padding-top: 42%;\n}\n#banner-2091769668 .bg.bg-loaded {\n  background-image: url(https:\/\/labellenails.at\/b2b\/wp-content\/uploads\/sites\/2\/2020\/11\/deep-blue-sea-111-with-bottle-1200x628-1.jpg);\n}\n#banner-2091769668 .ux-shape-divider--top svg {\n  height: 150px;\n  --divider-top-width: 100%;\n}\n#banner-2091769668 .ux-shape-divider--bottom svg {\n  height: 150px;\n  --divider-width: 100%;\n}\n<\/style>\n  <\/div>\n\n\n\n  <div class=\"banner has-hover\" id=\"banner-686736024\">\n          <div class=\"banner-inner fill\">\n        <div class=\"banner-bg fill\" >\n            <div class=\"bg fill bg-fill \"><\/div>\n                                    \n                    <\/div>\n\t\t\n        <div class=\"banner-layers container\">\n            <a class=\"fill\" href=\"https:\/\/labellenails.at\/b2b\/shop\/nageldesign\/gelosophy-uv-lack\/104-repu\/\"  ><div class=\"fill banner-link\"><\/div><\/a>            \n\n\n        <\/div>\n      <\/div>\n\n            \n<style>\n#banner-686736024 {\n  padding-top: 42%;\n}\n#banner-686736024 .bg.bg-loaded {\n  background-image: url(https:\/\/labellenails.at\/b2b\/wp-content\/uploads\/sites\/2\/2020\/11\/104-Repu-with-bottle-1200x628-1.jpg);\n}\n#banner-686736024 .ux-shape-divider--top svg {\n  height: 150px;\n  --divider-top-width: 100%;\n}\n#banner-686736024 .ux-shape-divider--bottom svg {\n  height: 150px;\n  --divider-width: 100%;\n}\n<\/style>\n  <\/div>\n\n\n\n  <div class=\"banner has-hover\" id=\"banner-445263177\">\n          <div class=\"banner-inner fill\">\n        <div class=\"banner-bg fill\" >\n            <div class=\"bg fill bg-fill \"><\/div>\n                                    \n                    <\/div>\n\t\t\n        <div class=\"banner-layers container\">\n            <a class=\"fill\" href=\"https:\/\/labellenails.at\/b2b\/shop\/nageldesign\/gelosophy-uv-lack\/059-electric-lila\/\"  ><div class=\"fill banner-link\"><\/div><\/a>            \n\n\n        <\/div>\n      <\/div>\n\n            \n<style>\n#banner-445263177 {\n  padding-top: 42%;\n}\n#banner-445263177 .bg.bg-loaded {\n  background-image: url(https:\/\/labellenails.at\/b2b\/wp-content\/uploads\/sites\/2\/2020\/11\/059-Electrica-Lila-with-bottle-1200x620-1.jpg);\n}\n#banner-445263177 .ux-shape-divider--top svg {\n  height: 150px;\n  --divider-top-width: 100%;\n}\n#banner-445263177 .ux-shape-divider--bottom svg {\n  height: 150px;\n  --divider-width: 100%;\n}\n<\/style>\n  <\/div>\n\n\n\n     <\/div>\n\n     <div class=\"loading-spin dark large centered\"><\/div>\n\n          <style>\n            #slider-314398553 .flickity-slider > * { max-width: 80% !important; }\n     <\/style>\n     \t<\/div>\n\n\n\n\t\t<\/div>\n\t\t\t\t\t<\/div>\n\n\t\n\n\n<style>\n#row-2075605374 > .col > .col-inner {\n  padding: 0px 0px 0px 0;\n}\n<\/style>\n<\/div>\n\t<div id=\"gap-1905610366\" class=\"gap-element clearfix\" style=\"display:block; height:auto;\">\n\t\t\n<style>\n#gap-1905610366 {\n  padding-top: 106px;\n}\n<\/style>\n\t<\/div>\n\t\n\n\n\n<p><\/p>\n","protected":false},"excerpt":{"rendered":"","protected":false},"author":1,"featured_media":0,"parent":0,"menu_order":0,"comment_status":"closed","ping_status":"closed","template":"page-blank.php","meta":{"footnotes":""},"_links":{"self":[{"href":"https:\/\/labellenails.at\/b2b\/wp-json\/wp\/v2\/pages\/81"}],"collection":[{"href":"https:\/\/labellenails.at\/b2b\/wp-json\/wp\/v2\/pages"}],"about":[{"href":"https:\/\/labellenails.at\/b2b\/wp-json\/wp\/v2\/types\/page"}],"author":[{"embeddable":true,"href":"https:\/\/labellenails.at\/b2b\/wp-json\/wp\/v2\/users\/1"}],"replies":[{"embeddable":true,"href":"https:\/\/labellenails.at\/b2b\/wp-json\/wp\/v2\/comments?post=81"}],"version-history":[{"count":5,"href":"https:\/\/labellenails.at\/b2b\/wp-json\/wp\/v2\/pages\/81\/revisions"}],"predecessor-version":[{"id":8777,"href":"https:\/\/labellenails.at\/b2b\/wp-json\/wp\/v2\/pages\/81\/revisions\/8777"}],"wp:attachment":[{"href":"https:\/\/labellenails.at\/b2b\/wp-json\/wp\/v2\/media?parent=81"}],"curies":[{"name":"wp","href":"https:\/\/api.w.org\/{rel}","templated":true}]}}