{"id":72,"date":"2019-05-30T21:54:35","date_gmt":"2019-05-30T19:54:35","guid":{"rendered":"https:\/\/labellenails.at\/b2b\/bezahlmoeglichkeiten\/"},"modified":"2019-06-24T17:10:50","modified_gmt":"2019-06-24T15:10:50","slug":"bezahlmoeglichkeiten","status":"publish","type":"page","link":"https:\/\/labellenails.at\/b2b\/bezahlmoeglichkeiten\/","title":{"rendered":"Zahlungsarten"},"content":{"rendered":"\n<h1 style=\"text-align: center;\">Zahlungsarten<\/h1>\n\t<div id=\"gap-843780728\" class=\"gap-element clearfix\" style=\"display:block; height:auto;\">\n\t\t\n<style>\n#gap-843780728 {\n  padding-top: 50px;\n}\n<\/style>\n\t<\/div>\n\t\n\n<h2>Ratenzahlung<\/h2>\n<p>Es enstehen Dir keine Kosten, weder Zinsen noch Bearbeitungsgeb\u00fchren. Hole Dir mit cashpresso einen zus\u00e4tzlichen Finanzrahmen von bis zu 1.500 \u20ac.\u00a0\u00a0<\/p>\n<p>Du ben\u00f6tigst f\u00fcr die Kontoer\u00f6ffnung lediglich ein g\u00fcltiges Ausweisdokument, eine gute Internetverbindung und ein Smartphone oder eine Webcam.<\/p>\n<div class=\"row\"  id=\"row-1286528881\">\n\n\n\t<div id=\"col-413793790\" class=\"col medium-6 small-12 large-6\"  >\n\t\t\t\t<div class=\"col-inner\"  >\n\t\t\t\n\t\t\t\n\n<h3>Schritt 1<\/h3>\n<p>Registriere Dich mit Deiner E-Mail Adresse. Cashpresso sendet Dir eine Best\u00e4tigungsmail Deiner Registrierung mit einem Link. Klickst Du auf den Link, gelangst Du zur Dateneingabe von cashpresso. <\/p>\n\n\t\t<\/div>\n\t\t\t\t\t<\/div>\n\n\t\n\n\t<div id=\"col-147163385\" class=\"col medium-6 small-12 large-6\"  >\n\t\t\t\t<div class=\"col-inner\"  >\n\t\t\t\n\t\t\t\n\n<h3>Schritt 2<\/h3>\n<p>Die \u00dcberpr\u00fcfung der Bonit\u00e4t funktioniert vollautomatisch in wenigen Sekunden. In Ausnahmef\u00e4llen wird ein Kontoauszug ben\u00f6tigt. Dies funktioniert ebenfalls vollautomatisch.<\/p>\n\n\t\t<\/div>\n\t\t\t\t\t<\/div>\n\n\t\n\n\t<div id=\"col-1162561436\" class=\"col medium-6 small-12 large-6\"  >\n\t\t\t\t<div class=\"col-inner\"  >\n\t\t\t\n\t\t\t\n\n<h3>Schritt 3<\/h3>\n<p>Per Videochat wird seitens cashpresso bzw. deren Partner Deine Identit\u00e4t gepr\u00fcft. Dazu ben\u00f6tigst Du Deinen Ausweis oder Reisepass. Am Ende des Gespr\u00e4ches bekommst Du einen TAN per SMS zugesendet. <\/p>\n\n\t\t<\/div>\n\t\t\t\t\t<\/div>\n\n\t\n\n\t<div id=\"col-71521467\" class=\"col medium-6 small-12 large-6\"  >\n\t\t\t\t<div class=\"col-inner\"  >\n\t\t\t\n\t\t\t\n\n<h3>Schritt 4<\/h3>\n<p>Im letzten Schritt unterzeichnest Du den Vertrag elektronisch mit einem TAN, welcher Dir per SMS zugesendet wird. Im Anschluss kannst Du \u00fcber Deinen Kreditrahmen verf\u00fcgen und Deine Bestellung bei uns abschlie\u00dfen. <\/p>\n\n\t\t<\/div>\n\t\t\t\t\t<\/div>\n\n\t\n\n\t<div id=\"col-1675760580\" class=\"col small-12 large-12\"  >\n\t\t\t\t<div class=\"col-inner\"  >\n\t\t\t\n\t\t\t\n\n<p>Wir empfehlen Dir, erst Dein Konto auf cashpresso erfolgreich zu er\u00f6ffnen und dann Deine Buchung abzuschlie\u00dfen.<\/p>\n<p>Weitere Informationen findest Du auf der Homepage von cashpresso. <span style=\"color: #ff1654;\"><a style=\"color: #ff1654;\" href=\"https:\/\/www.cashpresso.com\/\" rel=\"nofollow\">Hier klicken<\/a><\/span><\/p>\n\n\t\t<\/div>\n\t\t\t\t\t<\/div>\n\n\t\n\n<\/div>\n\t<div id=\"gap-994934686\" class=\"gap-element clearfix\" style=\"display:block; height:auto;\">\n\t\t\n<style>\n#gap-994934686 {\n  padding-top: 50px;\n}\n<\/style>\n\t<\/div>\n\t\n\n<h2>PayPal<\/h2>\n<p>Mit PayPal bezahlst Du Deinen Einkauf kostenlos und absolut sicher. Um mit PayPal zu bezahlen, w\u00e4hle PayPal als Zahlungsmittel auf der Kassenseite aus. Mit Klick auf den &#8220;JETZT KAUFEN&#8221; Button wirst Du zu PayPal weitergeleitet. Logge Dich in mit Deinen Zugangsdaten in PayPal ein und best\u00e4tige die Zahlung. Im Anschluss gelangst Du zur finalen Best\u00e4tigungsseite in unserem Shop weiter. Die Nutzung von PayPal ist f\u00fcr Dich kostenlos.<\/p>\n\t<div id=\"gap-1533069510\" class=\"gap-element clearfix\" style=\"display:block; height:auto;\">\n\t\t\n<style>\n#gap-1533069510 {\n  padding-top: 50px;\n}\n<\/style>\n\t<\/div>\n\t\n\n<h3>Rechnung<\/h3>\n<p>Mit der Bestellbest\u00e4tigung bekommst Du Deine Rechnung. \u00dcberweise den Rechnungsbetrag auf das angegebene Konto. Die Ware wird nach Eingang des vollst\u00e4ndigen Rechnungsbetrages an Dich versendet.<\/p>\n\t<div id=\"gap-54773578\" class=\"gap-element clearfix\" style=\"display:block; height:auto;\">\n\t\t\n<style>\n#gap-54773578 {\n  padding-top: 50px;\n}\n<\/style>\n\t<\/div>\n\t\n\n<h3>Kreditkarte<\/h3>\n<p>Bezahle direkt mit Deiner Kreditkarte. Wir nutzen f\u00fcr die Abwicklung den Anbieter Stripe. Auf unseren Servern werden Deine Kreditkartendaten nicht verarbeitet und \/ oder gespeichert. Die Nutzung dieser Zahlungsmethode ist f\u00fcr Dich kostenlos.<\/p>\n\t<div id=\"gap-113734224\" class=\"gap-element clearfix\" style=\"display:block; height:auto;\">\n\t\t\n<style>\n#gap-113734224 {\n  padding-top: 50px;\n}\n<\/style>\n\t<\/div>\n\t\n\n<h3>Sofort \u00dcberweisung<\/h3>\n<p>Du wirst an den Zahlungsdienstleister SOFORT weitergeleitet. Dieser erm\u00f6glicht es Dir eine \u00dcberweisung an unser Bankkonto zu t\u00e4tigen. Nach erfolgter Zahlungsbest\u00e4tigung durch den Dienstleister wird die Ware sofort an Dich versandt. Die Nutzung dieser Zahlungsmethode ist f\u00fcr Dich kostenlos.<\/p>\n\n","protected":false},"excerpt":{"rendered":"<p>Zahlungsarten Ratenzahlung Es enstehen Dir keine Kosten, weder Zinsen noch Bearbeitungsgeb\u00fchren. Hole Dir mit cashpresso einen zus\u00e4tzlichen Finanzrahmen von bis zu 1.500 \u20ac.\u00a0\u00a0 Du ben\u00f6tigst f\u00fcr die Kontoer\u00f6ffnung lediglich ein g\u00fcltiges Ausweisdokument, eine gute Internetverbindung und ein Smartphone oder eine Webcam. PayPal Mit PayPal bezahlst Du Deinen Einkauf kostenlos und absolut sicher. Um mit PayPal [&#8230;]\n","protected":false},"author":1,"featured_media":0,"parent":0,"menu_order":0,"comment_status":"closed","ping_status":"closed","template":"","meta":{"footnotes":""},"_links":{"self":[{"href":"https:\/\/labellenails.at\/b2b\/wp-json\/wp\/v2\/pages\/72"}],"collection":[{"href":"https:\/\/labellenails.at\/b2b\/wp-json\/wp\/v2\/pages"}],"about":[{"href":"https:\/\/labellenails.at\/b2b\/wp-json\/wp\/v2\/types\/page"}],"author":[{"embeddable":true,"href":"https:\/\/labellenails.at\/b2b\/wp-json\/wp\/v2\/users\/1"}],"replies":[{"embeddable":true,"href":"https:\/\/labellenails.at\/b2b\/wp-json\/wp\/v2\/comments?post=72"}],"version-history":[{"count":0,"href":"https:\/\/labellenails.at\/b2b\/wp-json\/wp\/v2\/pages\/72\/revisions"}],"wp:attachment":[{"href":"https:\/\/labellenails.at\/b2b\/wp-json\/wp\/v2\/media?parent=72"}],"curies":[{"name":"wp","href":"https:\/\/api.w.org\/{rel}","templated":true}]}}