{"id":4089,"date":"2019-11-24T14:46:50","date_gmt":"2019-11-24T13:46:50","guid":{"rendered":"https:\/\/labellenails.at\/b2b\/?page_id=4089"},"modified":"2019-12-09T10:59:27","modified_gmt":"2019-12-09T09:59:27","slug":"schulungen-nageldesign-wimpern","status":"publish","type":"page","link":"https:\/\/labellenails.at\/b2b\/schulungen-nageldesign-wimpern\/","title":{"rendered":"Schulungen Nageldesign Wimpern"},"content":{"rendered":"\n\n  <div class=\"banner has-hover hide-for-small\" id=\"banner-100366561\">\n          <div class=\"banner-inner fill\">\n        <div class=\"banner-bg fill\" >\n            <div class=\"bg fill bg-fill \"><\/div>\n                        <div class=\"overlay\"><\/div>            \n                    <\/div>\n\t\t\n        <div class=\"banner-layers container\">\n            <div class=\"fill banner-link\"><\/div>            \n\n   <div id=\"text-box-1128798891\" class=\"text-box banner-layer x50 md-x50 lg-x5 y5 md-y5 lg-y10 res-text\">\n                                <div class=\"text-box-content text dark\">\n              \n              <div class=\"text-inner text-center\">\n                  \n\n<h1 class=\"uppercase\"><strong>Schulung &amp; Weiterbildung<\/strong><\/h1>\n<p><span style=\"font-size: 120%;\">Schulungen und Weiterbildungen f\u00fcr Nageldesigner und Wimpernstylisten. <\/span><\/p>\n\n              <\/div>\n           <\/div>\n                            \n<style>\n#text-box-1128798891 {\n  width: 71%;\n}\n#text-box-1128798891 .text-box-content {\n  font-size: 100%;\n}\n@media (min-width:850px) {\n  #text-box-1128798891 {\n    width: 76%;\n  }\n}\n<\/style>\n    <\/div>\n \n\n        <\/div>\n      <\/div>\n\n            \n<style>\n#banner-100366561 {\n  padding-top: 56.25%;\n  background-color: rgb(45, 45, 45);\n}\n#banner-100366561 .bg.bg-loaded {\n  background-image: url(https:\/\/labellenails.at\/b2b\/wp-content\/uploads\/sites\/2\/2019\/12\/20171015_141747_fin_small.jpg);\n}\n#banner-100366561 .overlay {\n  background-color: rgba(0, 0, 0, 0.73);\n}\n#banner-100366561 .bg {\n  background-position: 47% 54%;\n}\n#banner-100366561 .ux-shape-divider--top svg {\n  height: 150px;\n  --divider-top-width: 100%;\n}\n#banner-100366561 .ux-shape-divider--bottom svg {\n  height: 150px;\n  --divider-width: 100%;\n}\n<\/style>\n  <\/div>\n\n\n\n  <div class=\"banner has-hover show-for-small\" id=\"banner-2002201892\">\n          <div class=\"banner-inner fill\">\n        <div class=\"banner-bg fill\" >\n            <div class=\"bg fill bg-fill \"><\/div>\n                                    \n                    <\/div>\n\t\t\n        <div class=\"banner-layers container\">\n            <div class=\"fill banner-link\"><\/div>            \n\n   <div id=\"text-box-721288968\" class=\"text-box banner-layer x50 md-x50 lg-x50 y95 md-y50 lg-y50 res-text\">\n                                <div class=\"text-box-content text dark\">\n              \n              <div class=\"text-inner text-center\">\n                  \n\n<h1 class=\"uppercase\"><strong>Schulung &amp; Weiterbildung<\/strong><\/h1>\n<p><span style=\"font-size: 160%;\">Schulungen und Weiterbildungen f\u00fcr Nageldesigner und Wimpernstylisten. <\/span><\/p>\n\n              <\/div>\n           <\/div>\n                            \n<style>\n#text-box-721288968 {\n  width: 90%;\n}\n#text-box-721288968 .text-box-content {\n  font-size: 85%;\n}\n@media (min-width:550px) {\n  #text-box-721288968 {\n    width: 60%;\n  }\n  #text-box-721288968 .text-box-content {\n    font-size: 100%;\n  }\n}\n<\/style>\n    <\/div>\n \n\n        <\/div>\n      <\/div>\n\n            \n<style>\n#banner-2002201892 {\n  padding-top: 121%;\n  background-color: rgb(45, 45, 45);\n}\n#banner-2002201892 .bg.bg-loaded {\n  background-image: url(https:\/\/labellenails.at\/b2b\/wp-content\/uploads\/sites\/2\/2019\/12\/20171015_141455_fin_small.jpg);\n}\n#banner-2002201892 .overlay {\n  background-color: rgba(0, 0, 0, 0.47);\n}\n#banner-2002201892 .bg {\n  background-position: 43% 61%;\n}\n#banner-2002201892 .ux-shape-divider--top svg {\n  height: 150px;\n  --divider-top-width: 100%;\n}\n#banner-2002201892 .ux-shape-divider--bottom svg {\n  height: 150px;\n  --divider-width: 100%;\n}\n<\/style>\n  <\/div>\n\n\n<div class=\"row\"  id=\"row-745914432\">\n\n\n\t<div id=\"col-1037784187\" class=\"col small-12 large-12\"  >\n\t\t\t\t<div class=\"col-inner\"  >\n\t\t\t\n\t\t\t\n\n<p><span style=\"font-size: 130%;\">Setze bei Deiner Ausbildung auf erprobte Konzepte und gelebte Inhalte. Alle Schulungsinhalte basieren auf den Erfahrungen im eigenen Studio in Hallein. Neben der Vermittlung der handwerklichen<br \/>F\u00e4higkeiten, erlernst Du alle Fertigkeiten und Strategien um Dich im hochpreisigen Segment der Beautybranche durchzusetzen. <\/span><\/p>\n\n\t\t<\/div>\n\t\t\t\t\t<\/div>\n\n\t\n\n<\/div>\n<div class=\"row row-full-width\"  id=\"row-995829699\">\n\n\n\t<div id=\"col-552181688\" class=\"col medium-6 small-12 large-6\"  >\n\t\t\t\t<div class=\"col-inner text-left\"  >\n\t\t\t\n\t\t\t\n\n\n  <div class=\"banner has-hover\" id=\"banner-886985598\">\n          <div class=\"banner-inner fill\">\n        <div class=\"banner-bg fill\" >\n            <div class=\"bg fill bg-fill \"><\/div>\n                        <div class=\"overlay\"><\/div>            \n                    <\/div>\n\t\t\n        <div class=\"banner-layers container\">\n            <div class=\"fill banner-link\"><\/div>            \n\n   <div id=\"text-box-1351653017\" class=\"text-box banner-layer x5 md-x5 lg-x5 y5 md-y5 lg-y5 res-text\">\n                                <div class=\"text-box-content text dark\">\n              \n              <div class=\"text-inner text-left\">\n                  \n\n<h2 class=\"uppercase\" style=\"text-align: left;\"><strong>Wimpernlifting<\/strong><\/h2>\n<a href=\"\/b2b\/schulungen-nageldesign-wimpern\/wimpernlifting\/\" target=\"_self\" class=\"button primary is-underline is-large\"  >\n    <span>Weitere Infos<\/span>\n  <i class=\"icon-angle-right\" aria-hidden=\"true\" ><\/i><\/a>\n\n\n\n              <\/div>\n           <\/div>\n                            \n<style>\n#text-box-1351653017 {\n  margin: 0px 0px 0px 0px;\n  width: 90%;\n}\n#text-box-1351653017 .text-box-content {\n  font-size: 80%;\n}\n@media (min-width:550px) {\n  #text-box-1351653017 {\n    width: 75%;\n  }\n  #text-box-1351653017 .text-box-content {\n    font-size: 100%;\n  }\n}\n@media (min-width:850px) {\n  #text-box-1351653017 .text-box-content {\n    font-size: 130%;\n  }\n}\n<\/style>\n    <\/div>\n \n\n        <\/div>\n      <\/div>\n\n            \n<style>\n#banner-886985598 {\n  padding-top: 56.25%;\n  background-color: rgb(45, 45, 45);\n}\n#banner-886985598 .bg.bg-loaded {\n  background-image: url(https:\/\/labellenails.at\/b2b\/wp-content\/uploads\/sites\/2\/2019\/11\/20181204_1_3_fin2_small.jpg);\n}\n#banner-886985598 .overlay {\n  background-color: rgba(0, 0, 0, 0.5);\n}\n#banner-886985598 .bg {\n  background-position: 0% 0%;\n}\n#banner-886985598 .ux-shape-divider--top svg {\n  height: 150px;\n  --divider-top-width: 100%;\n}\n#banner-886985598 .ux-shape-divider--bottom svg {\n  height: 150px;\n  --divider-width: 100%;\n}\n<\/style>\n  <\/div>\n\n\n\n\t\t<\/div>\n\t\t\t\t\t<\/div>\n\n\t\n\n\t<div id=\"col-1658413515\" class=\"col medium-6 small-12 large-6\"  >\n\t\t\t\t<div class=\"col-inner\"  >\n\t\t\t\n\t\t\t\n\n\n\t\t<\/div>\n\t\t\t\t\t<\/div>\n\n\t\n\n<\/div>\n\t<div id=\"gap-279399940\" class=\"gap-element clearfix\" style=\"display:block; height:auto;\">\n\t\t\n<style>\n#gap-279399940 {\n  padding-top: 41px;\n}\n<\/style>\n\t<\/div>\n\t\n\n<div class=\"row round-corner\"  id=\"row-1385060758\">\n\n\n\t<div id=\"col-1809164639\" class=\"col small-12 large-12\"  >\n\t\t\t\t<div class=\"col-inner\" style=\"background-color:rgb(45, 45, 45);\" >\n\t\t\t\n\t\t\t\n\n<div class=\"container section-title-container\" ><h2 class=\"section-title section-title-center\"><b><\/b><span class=\"section-title-main\" >Gute Gr\u00fcnde<\/span><b><\/b><\/h2><\/div>\n\n\t<div id=\"gap-96896876\" class=\"gap-element clearfix\" style=\"display:block; height:auto;\">\n\t\t\n<style>\n#gap-96896876 {\n  padding-top: 30px;\n}\n<\/style>\n\t<\/div>\n\t\n\n<div class=\"row\"  id=\"row-434871079\">\n\n\n\t<div id=\"col-406206225\" class=\"col medium-6 small-12 large-6\"  >\n\t\t\t\t<div class=\"col-inner\"  >\n\t\t\t\n\t\t\t\n\n<div class=\"container section-title-container\" ><h3 class=\"section-title section-title-center\"><b><\/b><span class=\"section-title-main\" >Einzelschulung<\/span><b><\/b><\/h3><\/div>\n\n<p>Nur Du als Sch\u00fclerin z\u00e4hlst. Du wirst die ganze Schulungzeit betreut und verlierst keine Schulungszeit. <\/p>\n<div class=\"container section-title-container\" ><h3 class=\"section-title section-title-center\"><b><\/b><span class=\"section-title-main\" >Kein Zeitdruck<\/span><b><\/b><\/h3><\/div>\n\n<p>Sollten wir l\u00e4nger brauchen als geplant, ist das kein Problem. Erst wenn Du Dir sicher bist, sind wir fertig. <\/p>\n<div class=\"container section-title-container\" ><h3 class=\"section-title section-title-center\"><b><\/b><span class=\"section-title-main\" >Individuelle Betreuung<\/span><b><\/b><\/h3><\/div>\n\n<p>Den Schulungsinhalt stimme ich auf Deine Bed\u00fcrfnisse ab. So kannst Du Dir sicher sein, das zu lernen, was Du brauchst.&nbsp;<\/p>\n<div class=\"container section-title-container\" ><h3 class=\"section-title section-title-center\"><b><\/b><span class=\"section-title-main\" >Alles Inklusive<\/span><b><\/b><\/h3><\/div>\n\n<p>Du brauchst Dich um nichts zu k\u00fcmmern. Alle Materialien, Modelle, Snacks &amp; Getr\u00e4nke f\u00fcr die Schulung sind inklusive. <\/p>\n\n\t\t<\/div>\n\t\t\t\t\t<\/div>\n\n\t\n\n\t<div id=\"col-2130306590\" class=\"col medium-6 small-12 large-6\"  >\n\t\t\t\t<div class=\"col-inner\"  >\n\t\t\t\n\t\t\t\n\n<div class=\"container section-title-container\" ><h3 class=\"section-title section-title-center\"><b><\/b><span class=\"section-title-main\" >Erg\u00e4nzendes Wissen<\/span><b><\/b><\/h3><\/div>\n\n<p>Du lernst das, was Du wissen must damit Du sp\u00e4ter mit Deinem Gesch\u00e4ft erfolgreich bist. <\/p>\n<div class=\"container section-title-container\" ><h3 class=\"section-title section-title-center\"><b><\/b><span class=\"section-title-main\" >Angenehme Atmosph\u00e4re<\/span><b><\/b><\/h3><\/div>\n\n<p>Lorem ipsum dolor sit amet, consectetuer adipiscing elit, sed diam nonummy nibh euismod tincidunt ut laoreet dolore magna aliquam erat volutpat.<\/p>\n<div class=\"container section-title-container\" ><h3 class=\"section-title section-title-center\"><b><\/b><span class=\"section-title-main\" >Nachbetreuung<\/span><b><\/b><\/h3><\/div>\n\n<p>Auch nach Deiner Schulung bin ich f\u00fcr Deine Fragen da. Bei Unsicherheiten kannst Du mich gerne kontaktieren. So hast Du die Sicherheiten auch in Deinem Studioalltag. <\/p>\n<div class=\"container section-title-container\" ><h3 class=\"section-title section-title-center\"><b><\/b><span class=\"section-title-main\" >Erprobtes Konzept<\/span><b><\/b><\/h3><\/div>\n\n<p>Du vertraust auf ein bew\u00e4hrtes Konzept und langfristig erprobte Prozesse. <\/p>\n\n\t\t<\/div>\n\t\t\t\t\t<\/div>\n\n\t\n\n<\/div>\n\n\t\t<\/div>\n\t\t\t\t\n<style>\n#col-1809164639 > .col-inner {\n  padding: 5% 5% 5% 5%;\n}\n<\/style>\n\t<\/div>\n\n\t\n\n\n<style>\n#row-1385060758 > .col > .col-inner {\n  background-color: rgb(45, 45, 45);\n}\n<\/style>\n<\/div>\n<div class=\"row\"  id=\"row-1540171328\">\n\n\n\t<div id=\"col-1618143463\" class=\"col small-12 large-12\"  >\n\t\t\t\t<div class=\"col-inner\"  >\n\t\t\t\n\t\t\t\n\n<div class=\"container section-title-container\" ><h2 class=\"section-title section-title-center\"><b><\/b><span class=\"section-title-main\" >Anreise zur Schulung<\/span><b><\/b><\/h2><\/div>\n\n<p>Hallein liegt in der N\u00e4he von Salzburg, ca. 20 km hinter der Grenze zu Deutschland. Als Alternative zur Anreise mit dem PKW bieten sich Flug und Bahn an.<\/p>\n\n\t\t<\/div>\n\t\t\t\t\t<\/div>\n\n\t\n\n\t<div id=\"col-812834142\" class=\"col medium-4 small-12 large-4\"  >\n\t\t\t\t<div class=\"col-inner\"  >\n\t\t\t\n\t\t\t\n\n<div class=\"container section-title-container\" ><h3 class=\"section-title section-title-center\"><b><\/b><span class=\"section-title-main\" >Berlin<\/span><b><\/b><\/h3><\/div>\n\n<table border=\"1px\">\n<tbody>\n<tr>\n<td>Art<\/td>\n<td>Dauer<\/td>\n<td>Preis<\/td>\n<\/tr>\n<tr>\n<td>Bahn (1.Klasse)<\/td>\n<td>6h 30min<\/td>\n<td>ca. 150 \u20ac<\/td>\n<\/tr>\n<tr>\n<td>Flug (Direkt)<\/td>\n<td>1h 10min<\/td>\n<td>ca. 250 \u20ac<\/td>\n<\/tr>\n<\/tbody>\n<\/table>\n\n\t\t<\/div>\n\t\t\t\t\t<\/div>\n\n\t\n\n\t<div id=\"col-1023980215\" class=\"col medium-4 small-12 large-4\"  >\n\t\t\t\t<div class=\"col-inner\"  >\n\t\t\t\n\t\t\t\n\n<div class=\"container section-title-container\" ><h3 class=\"section-title section-title-center\"><b><\/b><span class=\"section-title-main\" >Frankfurt am Main<\/span><b><\/b><\/h3><\/div>\n\n<table border=\"1px\">\n<tbody>\n<tr>\n<td>Art<\/td>\n<td>Dauer<\/td>\n<td>Preis<\/td>\n<\/tr>\n<tr>\n<td>Bahn (1.Klasse)<\/td>\n<td>5h 00min<\/td>\n<td>ca. 150 \u20ac<\/td>\n<\/tr>\n<tr>\n<td>Flug (Direkt)<\/td>\n<td>1h 10min<\/td>\n<td>ca. 350 \u20ac<\/td>\n<\/tr>\n<\/tbody>\n<\/table>\n\n\t\t<\/div>\n\t\t\t\t\t<\/div>\n\n\t\n\n\t<div id=\"col-361121858\" class=\"col medium-4 small-12 large-4\"  >\n\t\t\t\t<div class=\"col-inner\"  >\n\t\t\t\n\t\t\t\n\n<div class=\"container section-title-container\" ><h3 class=\"section-title section-title-center\"><b><\/b><span class=\"section-title-main\" >Wien<\/span><b><\/b><\/h3><\/div>\n\n<table border=\"1px\">\n<tbody>\n<tr>\n<td>Art<\/td>\n<td>Dauer<\/td>\n<td>Preis<\/td>\n<\/tr>\n<tr>\n<td>Bahn (1.Klasse)<\/td>\n<td>2h 30min<\/td>\n<td>ca. 66 \u20ac<\/td>\n<\/tr>\n<tr>\n<td>Flug (Direkt)<\/td>\n<td>0h 50min<\/td>\n<td>ca. 200 \u20ac<\/td>\n<\/tr>\n<\/tbody>\n<\/table>\n\n\t\t<\/div>\n\t\t\t\t\t<\/div>\n\n\t\n\n<\/div>\n<div class=\"row\"  id=\"row-1203777442\">\n\n\n\t<div id=\"col-1773697585\" class=\"col small-12 large-12\"  >\n\t\t\t\t<div class=\"col-inner\"  >\n\t\t\t\n\t\t\t\n\n<div class=\"container section-title-container\" ><h2 class=\"section-title section-title-center\"><b><\/b><span class=\"section-title-main\" >Unterkunft<\/span><b><\/b><\/h2><\/div>\n\n<p>Sowohl in Hallein als auch in der Umgebung gibt es diverse Hotels aller Preisklassen als auch Ferienwohnungen. Unser Tipp ist das 4 Sterne Hotel Langwies in Bad Vigaun. Es bietet ein optimales Preis Leistungsverh\u00e4ltnis. <\/p>\n\n\t\t<\/div>\n\t\t\t\t\t<\/div>\n\n\t\n\n<\/div>\n<div class=\"row\"  id=\"row-1930044663\">\n\n\n\t<div id=\"col-820642636\" class=\"col small-12 large-12\"  >\n\t\t\t\t<div class=\"col-inner\"  >\n\t\t\t\n\t\t\t\n\n<div class=\"container section-title-container\" ><h2 class=\"section-title section-title-center\"><b><\/b><span class=\"section-title-main\" >Wenn Du schon mal da bist<\/span><b><\/b><\/h2><\/div>\n\n<p>H\u00e4nge doch gleich noch ein paar Tage Urlaub an die Schulung dran. An M\u00f6glichkeiten mangelt es im Salzburger Raum definitiv nicht. <\/p>\n<div class=\"slider-wrapper relative\" id=\"slider-1441163817\" >\n    <div class=\"slider slider-nav-dots-square slider-nav-circle slider-nav-large slider-nav-light slider-style-focus\"\n        data-flickity-options='{\n            \"cellAlign\": \"center\",\n            \"imagesLoaded\": true,\n            \"lazyLoad\": 1,\n            \"freeScroll\": false,\n            \"wrapAround\": true,\n            \"autoPlay\": false,\n            \"pauseAutoPlayOnHover\" : true,\n            \"prevNextButtons\": true,\n            \"contain\" : true,\n            \"adaptiveHeight\" : true,\n            \"dragThreshold\" : 10,\n            \"percentPosition\": true,\n            \"pageDots\": true,\n            \"rightToLeft\": false,\n            \"draggable\": true,\n            \"selectedAttraction\": 0.1,\n            \"parallax\" : 0,\n            \"friction\": 0.6        }'\n        >\n        \n\n\t<div class=\"img has-hover x md-x lg-x y md-y lg-y\" id=\"image_12020790\">\n\t\t<a class=\"image-lightbox lightbox-gallery\" title=\"\" href=\"https:\/\/labellenails.at\/b2b\/wp-content\/uploads\/sites\/2\/2019\/11\/20190929_151257-1920x1080.jpg\">\t\t\t\t\t\t<div class=\"img-inner dark\" >\n\t\t\t<img loading=\"lazy\" decoding=\"async\" width=\"1920\" height=\"1080\" src=\"https:\/\/labellenails.at\/b2b\/wp-content\/uploads\/sites\/2\/2019\/11\/20190929_151257-1920x1080.jpg\" class=\"attachment-original size-original\" alt=\"Salzburger Umland\" srcset=\"https:\/\/labellenails.at\/b2b\/wp-content\/uploads\/sites\/2\/2019\/11\/20190929_151257-1920x1080.jpg 1920w, https:\/\/labellenails.at\/b2b\/wp-content\/uploads\/sites\/2\/2019\/11\/20190929_151257-1920x1080-510x287.jpg 510w, https:\/\/labellenails.at\/b2b\/wp-content\/uploads\/sites\/2\/2019\/11\/20190929_151257-1920x1080-300x169.jpg 300w, https:\/\/labellenails.at\/b2b\/wp-content\/uploads\/sites\/2\/2019\/11\/20190929_151257-1920x1080-768x432.jpg 768w, https:\/\/labellenails.at\/b2b\/wp-content\/uploads\/sites\/2\/2019\/11\/20190929_151257-1920x1080-1024x576.jpg 1024w\" sizes=\"(max-width: 1920px) 100vw, 1920px\" \/>\t\t\t\t\t\t\n\t\t\t\t\t\t\t<div class=\"caption\">Salzburger Umland<\/div>\n\t\t\t\t\t<\/div>\n\t\t\t\t\t\t<\/a>\t\t\n<style>\n#image_12020790 {\n  width: 100%;\n}\n<\/style>\n\t<\/div>\n\t\n\n\t<div class=\"img has-hover x md-x lg-x y md-y lg-y\" id=\"image_376223401\">\n\t\t<a class=\"image-lightbox lightbox-gallery\" title=\"\" href=\"https:\/\/labellenails.at\/b2b\/wp-content\/uploads\/sites\/2\/2019\/11\/20190929_160532-1920x1080.jpg\">\t\t\t\t\t\t<div class=\"img-inner dark\" >\n\t\t\t<img loading=\"lazy\" decoding=\"async\" width=\"1920\" height=\"1080\" src=\"https:\/\/labellenails.at\/b2b\/wp-content\/uploads\/sites\/2\/2019\/11\/20190929_160532-1920x1080.jpg\" class=\"attachment-original size-original\" alt=\"\" srcset=\"https:\/\/labellenails.at\/b2b\/wp-content\/uploads\/sites\/2\/2019\/11\/20190929_160532-1920x1080.jpg 1920w, https:\/\/labellenails.at\/b2b\/wp-content\/uploads\/sites\/2\/2019\/11\/20190929_160532-1920x1080-510x287.jpg 510w, https:\/\/labellenails.at\/b2b\/wp-content\/uploads\/sites\/2\/2019\/11\/20190929_160532-1920x1080-300x169.jpg 300w, https:\/\/labellenails.at\/b2b\/wp-content\/uploads\/sites\/2\/2019\/11\/20190929_160532-1920x1080-768x432.jpg 768w, https:\/\/labellenails.at\/b2b\/wp-content\/uploads\/sites\/2\/2019\/11\/20190929_160532-1920x1080-1024x576.jpg 1024w\" sizes=\"(max-width: 1920px) 100vw, 1920px\" \/>\t\t\t\t\t\t\n\t\t\t\t\t\t\t<div class=\"caption\">Bluntautal<\/div>\n\t\t\t\t\t<\/div>\n\t\t\t\t\t\t<\/a>\t\t\n<style>\n#image_376223401 {\n  width: 100%;\n}\n<\/style>\n\t<\/div>\n\t\n\n\t<div class=\"img has-hover x md-x lg-x y md-y lg-y\" id=\"image_1489388302\">\n\t\t<a class=\"image-lightbox lightbox-gallery\" title=\"\" href=\"https:\/\/labellenails.at\/b2b\/wp-content\/uploads\/sites\/2\/2019\/11\/Sankt-Koloman-Winter.jpg\">\t\t\t\t\t\t<div class=\"img-inner dark\" >\n\t\t\t<img loading=\"lazy\" decoding=\"async\" width=\"1920\" height=\"1080\" src=\"https:\/\/labellenails.at\/b2b\/wp-content\/uploads\/sites\/2\/2019\/11\/Sankt-Koloman-Winter.jpg\" class=\"attachment-original size-original\" alt=\"Sankt Koloman Winter\" srcset=\"https:\/\/labellenails.at\/b2b\/wp-content\/uploads\/sites\/2\/2019\/11\/Sankt-Koloman-Winter.jpg 1920w, https:\/\/labellenails.at\/b2b\/wp-content\/uploads\/sites\/2\/2019\/11\/Sankt-Koloman-Winter-510x287.jpg 510w, https:\/\/labellenails.at\/b2b\/wp-content\/uploads\/sites\/2\/2019\/11\/Sankt-Koloman-Winter-300x169.jpg 300w, https:\/\/labellenails.at\/b2b\/wp-content\/uploads\/sites\/2\/2019\/11\/Sankt-Koloman-Winter-768x432.jpg 768w, https:\/\/labellenails.at\/b2b\/wp-content\/uploads\/sites\/2\/2019\/11\/Sankt-Koloman-Winter-1024x576.jpg 1024w\" sizes=\"(max-width: 1920px) 100vw, 1920px\" \/>\t\t\t\t\t\t\n\t\t\t\t\t\t\t<div class=\"caption\">Sankt Koloman Winter<\/div>\n\t\t\t\t\t<\/div>\n\t\t\t\t\t\t<\/a>\t\t\n<style>\n#image_1489388302 {\n  width: 100%;\n}\n<\/style>\n\t<\/div>\n\t\n\n\t<div class=\"img has-hover x md-x lg-x y md-y lg-y\" id=\"image_1683261888\">\n\t\t<a class=\"image-lightbox lightbox-gallery\" title=\"\" href=\"https:\/\/labellenails.at\/b2b\/wp-content\/uploads\/sites\/2\/2019\/11\/Hallstadt-1920x1080.jpg\">\t\t\t\t\t\t<div class=\"img-inner dark\" >\n\t\t\t<img loading=\"lazy\" decoding=\"async\" width=\"1920\" height=\"1080\" src=\"https:\/\/labellenails.at\/b2b\/wp-content\/uploads\/sites\/2\/2019\/11\/Hallstadt-1920x1080.jpg\" class=\"attachment-original size-original\" alt=\"Hallstadt\" srcset=\"https:\/\/labellenails.at\/b2b\/wp-content\/uploads\/sites\/2\/2019\/11\/Hallstadt-1920x1080.jpg 1920w, https:\/\/labellenails.at\/b2b\/wp-content\/uploads\/sites\/2\/2019\/11\/Hallstadt-1920x1080-510x287.jpg 510w, https:\/\/labellenails.at\/b2b\/wp-content\/uploads\/sites\/2\/2019\/11\/Hallstadt-1920x1080-300x169.jpg 300w, https:\/\/labellenails.at\/b2b\/wp-content\/uploads\/sites\/2\/2019\/11\/Hallstadt-1920x1080-768x432.jpg 768w, https:\/\/labellenails.at\/b2b\/wp-content\/uploads\/sites\/2\/2019\/11\/Hallstadt-1920x1080-1024x576.jpg 1024w\" sizes=\"(max-width: 1920px) 100vw, 1920px\" \/>\t\t\t\t\t\t\n\t\t\t\t\t\t\t<div class=\"caption\">Hallstadt<\/div>\n\t\t\t\t\t<\/div>\n\t\t\t\t\t\t<\/a>\t\t\n<style>\n#image_1683261888 {\n  width: 100%;\n}\n<\/style>\n\t<\/div>\n\t\n\n\n     <\/div>\n\n     <div class=\"loading-spin dark large centered\"><\/div>\n\n          <style>\n            #slider-1441163817 .flickity-slider > * { max-width: 80% !important; }\n     <\/style>\n     \t<\/div>\n\n\n\n\t\t<\/div>\n\t\t\t\t\t<\/div>\n\n\t\n\n<\/div>\n\n","protected":false},"excerpt":{"rendered":"","protected":false},"author":1,"featured_media":0,"parent":0,"menu_order":0,"comment_status":"closed","ping_status":"closed","template":"page-blank.php","meta":{"footnotes":""},"_links":{"self":[{"href":"https:\/\/labellenails.at\/b2b\/wp-json\/wp\/v2\/pages\/4089"}],"collection":[{"href":"https:\/\/labellenails.at\/b2b\/wp-json\/wp\/v2\/pages"}],"about":[{"href":"https:\/\/labellenails.at\/b2b\/wp-json\/wp\/v2\/types\/page"}],"author":[{"embeddable":true,"href":"https:\/\/labellenails.at\/b2b\/wp-json\/wp\/v2\/users\/1"}],"replies":[{"embeddable":true,"href":"https:\/\/labellenails.at\/b2b\/wp-json\/wp\/v2\/comments?post=4089"}],"version-history":[{"count":0,"href":"https:\/\/labellenails.at\/b2b\/wp-json\/wp\/v2\/pages\/4089\/revisions"}],"wp:attachment":[{"href":"https:\/\/labellenails.at\/b2b\/wp-json\/wp\/v2\/media?parent=4089"}],"curies":[{"name":"wp","href":"https:\/\/api.w.org\/{rel}","templated":true}]}}